{"id":108,"date":"2023-11-16T16:46:41","date_gmt":"2023-11-16T15:46:41","guid":{"rendered":"https:\/\/llcr.fr\/?page_id=108"},"modified":"2026-01-20T16:01:36","modified_gmt":"2026-01-20T15:01:36","slug":"accueil","status":"publish","type":"page","link":"https:\/\/llcr.fr\/","title":{"rendered":"ACCUEIL"},"content":{"rendered":"\n<div class=\"wp-block-group is-nowrap is-layout-flex wp-container-core-group-is-layout-6c531013 wp-block-group-is-layout-flex\">\n<div class=\"wp-block-group has-background is-layout-flow wp-block-group-is-layout-flow\" style=\"border-radius:30px;background-color:#ffffffbd;padding-top:var(--wp--preset--spacing--20);padding-right:var(--wp--preset--spacing--20);padding-bottom:var(--wp--preset--spacing--20);padding-left:var(--wp--preset--spacing--20)\">\n<figure class=\"wp-block-image size-full is-resized has-custom-border\"><img loading=\"lazy\" decoding=\"async\" width=\"769\" height=\"1024\" src=\"https:\/\/llcr.fr\/wp-content\/uploads\/2024\/03\/l3IlEQERQqq1gLYETm1w_thumb_5354.jpg\" alt=\"\" class=\"wp-image-467\" style=\"border-radius:30px;width:1000px\" srcset=\"https:\/\/llcr.fr\/wp-content\/uploads\/2024\/03\/l3IlEQERQqq1gLYETm1w_thumb_5354.jpg 769w, https:\/\/llcr.fr\/wp-content\/uploads\/2024\/03\/l3IlEQERQqq1gLYETm1w_thumb_5354-225x300.jpg 225w\" sizes=\"auto, (max-width: 769px) 100vw, 769px\" \/><\/figure>\n<\/div>\n\n\n\n<div class=\"wp-block-group has-background is-layout-flow wp-block-group-is-layout-flow\" style=\"border-radius:30px;background-color:#ffffffbd;padding-top:var(--wp--preset--spacing--40);padding-right:var(--wp--preset--spacing--40);padding-bottom:var(--wp--preset--spacing--40);padding-left:var(--wp--preset--spacing--40)\">\n<div class=\"wp-block-group is-nowrap is-layout-flex wp-container-core-group-is-layout-6c531013 wp-block-group-is-layout-flex\">\n<p class=\"has-large-font-size\" style=\"margin-right:0;margin-left:0;font-style:normal;font-weight:400\">LISE <strong>LEF\u00c8VRE<\/strong><\/p>\n\n\n\n<p class=\"has-small-font-size\" style=\"font-style:normal;font-weight:100\">CONSERVATRICE-RESTAURATRICE<\/p>\n<\/div>\n\n\n\n<p class=\"has-avenir-font-family\" style=\"font-size:clamp(0.875rem, 0.875rem + ((1vw - 0.2rem) * 0.208), 1rem);\">Dipl\u00f4m\u00e9e d&rsquo;\u00c9tat \u00e0 l&rsquo;<strong>Institut National du Patrimoine<\/strong> apr\u00e8s avoir suivi la formation du master de Conservation-Restauration des Biens Culturels de en sp\u00e9cialit\u00e9 \u00ab\u00a0Sculpture\u00a0\u00bb, j&rsquo;interviens sur des oeuvres sculpt\u00e9es tr\u00e8s diverses, allant de la <strong>pierre<\/strong> monumentale au <strong>bois polychrom\u00e9<\/strong> en passant par le <strong>pl\u00e2tre<\/strong>, l&rsquo;<strong>ivoire<\/strong> ou encore la <strong>terre cuite<\/strong> ou crue.<\/p>\n\n\n\n<p class=\"has-avenir-font-family\" style=\"font-size:clamp(0.875rem, 0.875rem + ((1vw - 0.2rem) * 0.208), 1rem);\">L&rsquo;habilitation \u00ab\u00a0Mus\u00e9es de France\u00a0\u00bb m&rsquo;autorise \u00e0 travailler sur les collections des <strong>mus\u00e9es de France <\/strong>mais mon expertise \u0153uvre aussi pour le compte des <strong>Monuments Historiques<\/strong>, des <strong>institutions priv\u00e9es<\/strong> ou des particuliers.<\/p>\n<\/div>\n<\/div>\n","protected":false},"excerpt":{"rendered":"<p>LISE LEF\u00c8VRE CONSERVATRICE-RESTAURATRICE Dipl\u00f4m\u00e9e d&rsquo;\u00c9tat \u00e0 l&rsquo;Institut National du Patrimoine apr\u00e8s avoir suivi la formation du master de Conservation-Restauration des Biens Culturels de en sp\u00e9cialit\u00e9 \u00ab\u00a0Sculpture\u00a0\u00bb, j&rsquo;interviens sur des oeuvres sculpt\u00e9es tr\u00e8s diverses, allant de la pierre monumentale au bois polychrom\u00e9 en passant par le pl\u00e2tre, l&rsquo;ivoire ou encore la terre cuite ou crue. L&rsquo;habilitation [&hellip;]<\/p>\n","protected":false},"author":1,"featured_media":126,"parent":0,"menu_order":0,"comment_status":"closed","ping_status":"closed","template":"","meta":{"footnotes":""},"class_list":["post-108","page","type-page","status-publish","has-post-thumbnail","hentry"],"_links":{"self":[{"href":"https:\/\/llcr.fr\/index.php\/wp-json\/wp\/v2\/pages\/108","targetHints":{"allow":["GET"]}}],"collection":[{"href":"https:\/\/llcr.fr\/index.php\/wp-json\/wp\/v2\/pages"}],"about":[{"href":"https:\/\/llcr.fr\/index.php\/wp-json\/wp\/v2\/types\/page"}],"author":[{"embeddable":true,"href":"https:\/\/llcr.fr\/index.php\/wp-json\/wp\/v2\/users\/1"}],"replies":[{"embeddable":true,"href":"https:\/\/llcr.fr\/index.php\/wp-json\/wp\/v2\/comments?post=108"}],"version-history":[{"count":1,"href":"https:\/\/llcr.fr\/index.php\/wp-json\/wp\/v2\/pages\/108\/revisions"}],"predecessor-version":[{"id":1877,"href":"https:\/\/llcr.fr\/index.php\/wp-json\/wp\/v2\/pages\/108\/revisions\/1877"}],"wp:featuredmedia":[{"embeddable":true,"href":"https:\/\/llcr.fr\/index.php\/wp-json\/wp\/v2\/media\/126"}],"wp:attachment":[{"href":"https:\/\/llcr.fr\/index.php\/wp-json\/wp\/v2\/media?parent=108"}],"curies":[{"name":"wp","href":"https:\/\/api.w.org\/{rel}","templated":true}]}}