{"id":139,"date":"2023-11-17T11:55:04","date_gmt":"2023-11-17T10:55:04","guid":{"rendered":"https:\/\/llcr.fr\/?page_id=139"},"modified":"2024-08-01T14:09:10","modified_gmt":"2024-08-01T12:09:10","slug":"publications","status":"publish","type":"page","link":"https:\/\/llcr.fr\/index.php\/publications\/","title":{"rendered":"PUBLICATIONS"},"content":{"rendered":"\n<div class=\"wp-block-group has-background is-layout-flow wp-block-group-is-layout-flow\" style=\"border-radius:30px;background-color:#ffffffbd;padding-top:var(--wp--preset--spacing--40);padding-right:var(--wp--preset--spacing--40);padding-bottom:var(--wp--preset--spacing--40);padding-left:var(--wp--preset--spacing--40)\">\n<h2 class=\"wp-block-heading has-body-font-family has-large-font-size\" style=\"font-style:normal;font-weight:100;letter-spacing:8px\">PUBLICATIONS<\/h2>\n\n\n\n<div style=\"height:7px\" aria-hidden=\"true\" class=\"wp-block-spacer\"><\/div>\n\n\n\n<div class=\"wp-block-group is-nowrap is-layout-flex wp-container-core-group-is-layout-6c531013 wp-block-group-is-layout-flex\">\n<figure class=\"wp-block-image size-large is-resized\"><img loading=\"lazy\" decoding=\"async\" width=\"1024\" height=\"872\" src=\"https:\/\/llcr.fr\/wp-content\/uploads\/2024\/02\/Capture-decran-2024-02-25-a-16.37.22-1024x872.png\" alt=\"\" class=\"wp-image-423\" style=\"width:249px;height:auto\" srcset=\"https:\/\/llcr.fr\/wp-content\/uploads\/2024\/02\/Capture-decran-2024-02-25-a-16.37.22-1024x872.png 1024w, https:\/\/llcr.fr\/wp-content\/uploads\/2024\/02\/Capture-decran-2024-02-25-a-16.37.22-300x255.png 300w, https:\/\/llcr.fr\/wp-content\/uploads\/2024\/02\/Capture-decran-2024-02-25-a-16.37.22-768x654.png 768w, https:\/\/llcr.fr\/wp-content\/uploads\/2024\/02\/Capture-decran-2024-02-25-a-16.37.22.png 1050w\" sizes=\"auto, (max-width: 1024px) 100vw, 1024px\" \/><\/figure>\n\n\n\n<figure class=\"wp-block-image size-full is-resized\"><img loading=\"lazy\" decoding=\"async\" width=\"362\" height=\"512\" src=\"https:\/\/llcr.fr\/wp-content\/uploads\/2024\/02\/unnamed.jpg\" alt=\"\" class=\"wp-image-424\" style=\"width:151px;height:auto\" srcset=\"https:\/\/llcr.fr\/wp-content\/uploads\/2024\/02\/unnamed.jpg 362w, https:\/\/llcr.fr\/wp-content\/uploads\/2024\/02\/unnamed-212x300.jpg 212w\" sizes=\"auto, (max-width: 362px) 100vw, 362px\" \/><\/figure>\n\n\n\n<div class=\"wp-block-group is-layout-flow wp-block-group-is-layout-flow\">\n<div class=\"wp-block-group is-layout-flow wp-container-core-group-is-layout-3e8e1870 wp-block-group-is-layout-flow\" style=\"padding-right:0;padding-left:0\">\n<p class=\"has-contrast-color has-text-color has-link-color has-body-font-family wp-elements-c99a639c3c510fef847bddceb992b350\" style=\"font-size:clamp(0.875rem, 0.875rem + ((1vw - 0.2rem) * 0.208), 1rem);font-style:normal;font-weight:400;text-transform:none\">[ ARTICLE ] <strong>\u00ab\u00a0Sainte Marie-Madeleine de Souvigny\u00a0\u00bb<\/strong><\/p>\n\n\n\n<p class=\"has-contrast-color has-text-color has-link-color has-body-font-family has-small-font-size wp-elements-879d7a14efb5274e0a6b91f23d5e00e5\" style=\"font-style:normal;font-weight:100\">In : TR\u00c9SORS D&rsquo;UN PRIEUR\u00c9 CLUNISIEN, Souvigny, 2024, p. 244-251<\/p>\n<\/div>\n\n\n\n<div class=\"wp-block-group is-layout-flow wp-container-core-group-is-layout-3e8e1870 wp-block-group-is-layout-flow\" style=\"padding-right:0;padding-left:0\">\n<p class=\"has-contrast-color has-text-color has-link-color has-body-font-family wp-elements-e334297f8befcd1e75ec1c92cbfb06e3\" style=\"font-size:clamp(0.875rem, 0.875rem + ((1vw - 0.2rem) * 0.208), 1rem);font-style:normal;font-weight:400;text-transform:none\">[ PANNEAU D&rsquo;EXPOSITION &amp; CARTELS ] <strong>\u00ab\u00a0Sainte Marie-Madeleine de Souvigny\u00a0\u00bb<\/strong><\/p>\n\n\n\n<p class=\"has-contrast-color has-text-color has-link-color has-body-font-family has-small-font-size wp-elements-c645bf66776107467b5921ae927bb9ca\" style=\"font-style:normal;font-weight:100\">Pour l&rsquo;exposition \u00ab\u00a0TR\u00c9SORS D&rsquo;UN PRIEUR\u00c9 CLUNISIEN\u00a0\u00bb, mus\u00e9e de Souvigny, du 1er avril au 5 novembre 2023<\/p>\n<\/div>\n<\/div>\n<\/div>\n\n\n\n<div class=\"wp-block-group is-layout-flow wp-container-core-group-is-layout-3e8e1870 wp-block-group-is-layout-flow\" style=\"padding-right:0;padding-left:0\">\n<p class=\"has-contrast-color has-text-color has-link-color has-body-font-family wp-elements-752d696e9cb6f05597ac7c1811d5f722\" style=\"font-size:clamp(0.875rem, 0.875rem + ((1vw - 0.2rem) * 0.208), 1rem);font-style:normal;font-weight:400;text-transform:none\">[ ARTICLE ] <strong>\u00ab\u00a0Prieur\u00e9 de Souvigny &#8211; <strong>Retour sur la statue de Marie-Madeleine<\/strong>\u00ab\u00a0<\/strong><\/p>\n\n\n\n<p class=\"has-contrast-color has-text-color has-link-color has-body-font-family has-small-font-size wp-elements-411e8c8cf178f2dc2dd6ad55385b56ed\" style=\"font-style:normal;font-weight:100\">In : PAGES DIOC\u00c9SAINES DE MOULINS, 2022, <em>Novembre<\/em>, p. 7<\/p>\n<\/div>\n<\/div>\n\n\n\n<div style=\"height:25px\" aria-hidden=\"true\" class=\"wp-block-spacer\"><\/div>\n\n\n\n<div class=\"wp-block-group has-background is-layout-flow wp-block-group-is-layout-flow\" style=\"border-radius:30px;background-color:#ffffffbd;padding-top:var(--wp--preset--spacing--40);padding-right:var(--wp--preset--spacing--40);padding-bottom:var(--wp--preset--spacing--40);padding-left:var(--wp--preset--spacing--40)\">\n<h2 class=\"wp-block-heading has-text-align-right has-body-font-family has-large-font-size\" style=\"font-style:normal;font-weight:100;letter-spacing:8px\">CONF\u00c9RENCES<\/h2>\n\n\n\n<div style=\"height:7px\" aria-hidden=\"true\" class=\"wp-block-spacer\"><\/div>\n\n\n\n<div class=\"wp-block-group is-content-justification-right is-nowrap is-layout-flex wp-container-core-group-is-layout-17124a9a wp-block-group-is-layout-flex\">\n<div class=\"wp-block-group is-layout-flow wp-block-group-is-layout-flow\">\n<div class=\"wp-block-group is-layout-flow wp-container-core-group-is-layout-aa19dc64 wp-block-group-is-layout-flow\" style=\"padding-right:0;padding-left:0\">\n<p class=\"has-text-align-right has-contrast-color has-text-color has-link-color has-body-font-family wp-elements-40c7ba9f86d96733c3404aef0198a437\" style=\"font-size:clamp(0.875rem, 0.875rem + ((1vw - 0.2rem) * 0.208), 1rem);font-style:normal;font-weight:400;text-transform:none\"><strong>\u00ab\u00a0Marie-Madeleine de Souvigny : \u00e9tude historique et comparaisons stylistiques\u00a0\u00bb<\/strong><\/p>\n\n\n\n<p class=\"has-text-align-right has-contrast-color has-text-color has-link-color has-body-font-family wp-elements-673b1555eb804dc7f00b6b20cc589e60\" style=\"font-size:clamp(0.875rem, 0.875rem + ((1vw - 0.2rem) * 0.208), 1rem);font-style:normal;font-weight:400;text-transform:none\"><strong>\u00ab\u00a0Conservation-restauration de Marie-Madeleine de Souvigny\u00a0\u00bb<\/strong><\/p>\n\n\n\n<p class=\"has-text-align-right has-contrast-color has-text-color has-link-color has-body-font-family has-small-font-size wp-elements-41648a124e5b7f86ae89b386c4a687cc\" style=\"font-style:normal;font-weight:100;text-transform:uppercase\">Journ\u00e9e de comm\u00e9moration des 500 ans de la mort d&rsquo;Anne de France<\/p>\n\n\n\n<p class=\"has-text-align-right has-contrast-color has-text-color has-link-color has-body-font-family has-small-font-size wp-elements-30e6015271a5d60e5d3b2ae93225e7ab\" style=\"font-style:normal;font-weight:100\">Souvigny, Espace Saint-Marc, 8 octobre 2022<\/p>\n<\/div>\n<\/div>\n\n\n\n<figure class=\"wp-block-image size-full is-resized\"><img loading=\"lazy\" decoding=\"async\" width=\"1280\" height=\"1810\" src=\"https:\/\/llcr.fr\/wp-content\/uploads\/2024\/02\/1664818967373.jpeg\" alt=\"\" class=\"wp-image-439\" style=\"width:215px;height:auto\" srcset=\"https:\/\/llcr.fr\/wp-content\/uploads\/2024\/02\/1664818967373.jpeg 1280w, https:\/\/llcr.fr\/wp-content\/uploads\/2024\/02\/1664818967373-212x300.jpeg 212w, https:\/\/llcr.fr\/wp-content\/uploads\/2024\/02\/1664818967373-724x1024.jpeg 724w, https:\/\/llcr.fr\/wp-content\/uploads\/2024\/02\/1664818967373-768x1086.jpeg 768w, https:\/\/llcr.fr\/wp-content\/uploads\/2024\/02\/1664818967373-1086x1536.jpeg 1086w\" sizes=\"auto, (max-width: 1280px) 100vw, 1280px\" \/><\/figure>\n<\/div>\n<\/div>\n\n\n\n<div style=\"height:25px\" aria-hidden=\"true\" class=\"wp-block-spacer\"><\/div>\n\n\n\n<div class=\"wp-block-group has-background is-layout-flow wp-block-group-is-layout-flow\" style=\"border-radius:30px;background-color:#ffffffbd;padding-top:var(--wp--preset--spacing--40);padding-right:var(--wp--preset--spacing--40);padding-bottom:var(--wp--preset--spacing--40);padding-left:var(--wp--preset--spacing--40)\">\n<h2 class=\"wp-block-heading has-body-font-family has-large-font-size\" style=\"font-style:normal;font-weight:100;letter-spacing:8px\">ARTICLES<\/h2>\n\n\n\n<div style=\"height:7px\" aria-hidden=\"true\" class=\"wp-block-spacer\"><\/div>\n\n\n\n<div class=\"wp-block-group is-layout-flow wp-container-core-group-is-layout-3e8e1870 wp-block-group-is-layout-flow\" style=\"padding-right:0;padding-left:0\">\n<p class=\"liensite has-contrast-color has-text-color has-link-color has-body-font-family wp-elements-d41992d8f1dc8b5308e3184a0455fda5\" style=\"font-size:clamp(0.875rem, 0.875rem + ((1vw - 0.2rem) * 0.208), 1rem);font-style:normal;font-weight:400;text-transform:none\">[ 2023\/01\/25 ] <strong><a href=\"https:\/\/www.lamontagne.fr\/souvigny-03210\/loisirs\/le-tombeau-de-charles-de-bourbon-et-agnes-de-bourgogne-a-souvigny-livre-ses-premiers-secrets_14251174\/?fbclid=IwAR2PZpEUSh2M_r8Dbi-Gpus_iG8BF9TCh2cTAfliOTn_ycDd4b7iAftXhck#ldeu5hgvonjoctjz3e\" target=\"_blank\" rel=\"noreferrer noopener\">\u00ab\u00a0Dans l&rsquo;Allier, le tombeau de Charles de Bourbon et Agn\u00e8s de Bourgogne livre ses premiers secrets\u00a0\u00bb<\/a><\/strong><\/p>\n\n\n\n<p class=\"has-contrast-color has-text-color has-link-color has-body-font-family has-small-font-size wp-elements-89e278ef676d93808b1cc28521735956\" style=\"font-style:normal;font-weight:100\">In : La Montagne, 2023<\/p>\n<\/div>\n\n\n\n<div class=\"wp-block-group is-layout-flow wp-container-core-group-is-layout-3e8e1870 wp-block-group-is-layout-flow\" style=\"padding-right:0;padding-left:0\">\n<p class=\"liensite has-contrast-color has-text-color has-link-color has-body-font-family wp-elements-17c5f0227affe8d88e0dea4bbfaec93f\" style=\"font-size:clamp(0.875rem, 0.875rem + ((1vw - 0.2rem) * 0.208), 1rem);font-style:normal;font-weight:400;text-transform:none\">[ 2022\/10\/11 ] <a href=\"https:\/\/www.lamontagne.fr\/moulins-03000\/loisirs\/comment-la-statue-de-sainte-marie-madeleine-a-ete-sauvee-et-restauree-a-souvigny-allier_14198029\/\" target=\"_blank\" rel=\"noreferrer noopener\"><strong>\u00ab\u00a0Comment la statue de sainte Marie-Madeleine a \u00e9t\u00e9 sauv\u00e9e et restaur\u00e9e \u00e0 Souvigny (Allier)\u00a0\u00bb<\/strong><\/a><\/p>\n\n\n\n<p class=\"has-contrast-color has-text-color has-link-color has-body-font-family has-small-font-size wp-elements-195d40ff40a84268fb865990fcd6c61e\" style=\"font-style:normal;font-weight:100\">In : La Montagne, 2022<\/p>\n<\/div>\n\n\n\n<div class=\"wp-block-group is-layout-flow wp-container-core-group-is-layout-3e8e1870 wp-block-group-is-layout-flow\" style=\"padding-right:0;padding-left:0\">\n<p class=\"liensite has-contrast-color has-text-color has-link-color has-body-font-family wp-elements-0b08ddf1256a15068b0000498fd0aca0\" style=\"font-size:clamp(0.875rem, 0.875rem + ((1vw - 0.2rem) * 0.208), 1rem);font-style:normal;font-weight:400;text-transform:none\">[ 2022\/10\/05 ] <a href=\"https:\/\/www.lamontagne.fr\/souvigny-03210\/loisirs\/le-moyen-age-et-anne-de-france-celebres-a-souvigny-allier_14195804\/\" target=\"_blank\" rel=\"noreferrer noopener\"><strong>\u00ab\u00a0Le Moyen \u00c2ge et Anne de France, c\u00e9l\u00e9br\u00e9s \u00e0 Souvigny (Allier)\u00a0\u00bb<\/strong><\/a><\/p>\n\n\n\n<p class=\"has-contrast-color has-text-color has-link-color has-body-font-family has-small-font-size wp-elements-195d40ff40a84268fb865990fcd6c61e\" style=\"font-style:normal;font-weight:100\">In : La Montagne, 2022<\/p>\n<\/div>\n\n\n\n<div class=\"wp-block-group is-layout-flow wp-container-core-group-is-layout-3e8e1870 wp-block-group-is-layout-flow\" style=\"padding-right:0;padding-left:0\">\n<p class=\"liensite has-contrast-color has-text-color has-link-color has-body-font-family wp-elements-10c72026543b59259fb5386ceeedc947\" style=\"font-size:clamp(0.875rem, 0.875rem + ((1vw - 0.2rem) * 0.208), 1rem);font-style:normal;font-weight:400;text-transform:none\">[ 2022\/02\/12 ] <strong><a href=\"https:\/\/www.lamontagne.fr\/souvigny-03210\/loisirs\/la-statue-de-marie-madeleine-renovee_14085341\/\" target=\"_blank\" rel=\"noreferrer noopener\">\u00ab\u00a0La statue de Marie-Madeleine r\u00e9nov\u00e9e\u00a0\u00bb<\/a><\/strong><\/p>\n\n\n\n<p class=\"has-contrast-color has-text-color has-link-color has-body-font-family has-small-font-size wp-elements-195d40ff40a84268fb865990fcd6c61e\" style=\"font-style:normal;font-weight:100\">In : La Montagne, 2022<\/p>\n<\/div>\n\n\n\n<div class=\"wp-block-group is-layout-flow wp-container-core-group-is-layout-3e8e1870 wp-block-group-is-layout-flow\" style=\"padding-right:0;padding-left:0\">\n<p class=\"liensite has-contrast-color has-text-color has-link-color has-body-font-family wp-elements-5b5ea9f332c9d54e2f8da0f404876bdb\" style=\"font-size:clamp(0.875rem, 0.875rem + ((1vw - 0.2rem) * 0.208), 1rem);font-style:normal;font-weight:400;text-transform:none\">[ 2020\/09\/06 ] <strong><a href=\"https:\/\/www.lamontagne.fr\/souvigny-03210\/loisirs\/a-souvigny-la-campagne-de-restauration-des-uvres-se-poursuit_13832751\/\" target=\"_blank\" rel=\"noreferrer noopener\">\u00ab\u00a0\u00c0 Souvigny, la campagne de restauration des oeuvres se poursuit\u00a0\u00bb<\/a><\/strong><\/p>\n\n\n\n<p class=\"has-contrast-color has-text-color has-link-color has-body-font-family has-small-font-size wp-elements-cc77efc85db0a2b9f5f0875a5822f82a\" style=\"font-style:normal;font-weight:100\">In : La Montagne, 2020<\/p>\n<\/div>\n<\/div>\n","protected":false},"excerpt":{"rendered":"<p>PUBLICATIONS [ ARTICLE ] \u00ab\u00a0Sainte Marie-Madeleine de Souvigny\u00a0\u00bb In : TR\u00c9SORS D&rsquo;UN PRIEUR\u00c9 CLUNISIEN, Souvigny, 2024, p. 244-251 [ PANNEAU D&rsquo;EXPOSITION &amp; CARTELS ] \u00ab\u00a0Sainte Marie-Madeleine de Souvigny\u00a0\u00bb Pour l&rsquo;exposition \u00ab\u00a0TR\u00c9SORS D&rsquo;UN PRIEUR\u00c9 CLUNISIEN\u00a0\u00bb, mus\u00e9e de Souvigny, du 1er avril au 5 novembre 2023 [ ARTICLE ] \u00ab\u00a0Prieur\u00e9 de Souvigny &#8211; Retour sur la statue [&hellip;]<\/p>\n","protected":false},"author":1,"featured_media":126,"parent":0,"menu_order":0,"comment_status":"closed","ping_status":"closed","template":"","meta":{"footnotes":""},"class_list":["post-139","page","type-page","status-publish","has-post-thumbnail","hentry"],"_links":{"self":[{"href":"https:\/\/llcr.fr\/index.php\/wp-json\/wp\/v2\/pages\/139","targetHints":{"allow":["GET"]}}],"collection":[{"href":"https:\/\/llcr.fr\/index.php\/wp-json\/wp\/v2\/pages"}],"about":[{"href":"https:\/\/llcr.fr\/index.php\/wp-json\/wp\/v2\/types\/page"}],"author":[{"embeddable":true,"href":"https:\/\/llcr.fr\/index.php\/wp-json\/wp\/v2\/users\/1"}],"replies":[{"embeddable":true,"href":"https:\/\/llcr.fr\/index.php\/wp-json\/wp\/v2\/comments?post=139"}],"version-history":[{"count":0,"href":"https:\/\/llcr.fr\/index.php\/wp-json\/wp\/v2\/pages\/139\/revisions"}],"wp:featuredmedia":[{"embeddable":true,"href":"https:\/\/llcr.fr\/index.php\/wp-json\/wp\/v2\/media\/126"}],"wp:attachment":[{"href":"https:\/\/llcr.fr\/index.php\/wp-json\/wp\/v2\/media?parent=139"}],"curies":[{"name":"wp","href":"https:\/\/api.w.org\/{rel}","templated":true}]}}